{"id":13,"date":"2025-04-01T22:12:29","date_gmt":"2025-04-01T20:12:29","guid":{"rendered":"https:\/\/dietaliance.kaissa-consulting.fr\/?page_id=13"},"modified":"2025-04-01T23:45:12","modified_gmt":"2025-04-01T21:45:12","slug":"bonjour-je-suis-aliancia","status":"publish","type":"page","link":"https:\/\/dietaliance.kaissa-consulting.fr\/","title":{"rendered":"Aliancia, l\u2019agent conversationnel de Dietaliance"},"content":{"rendered":"\n<h2 class=\"wp-block-heading has-small-font-size\">Aliancia<strong> est l\u2019agent conversationnel intelligent d\u00e9velopp\u00e9 par <\/strong><a href=\"https:\/\/www.dietaliance.fr\/\" data-type=\"link\" data-id=\"https:\/\/www.dietaliance.fr\/\" target=\"_blank\" rel=\"noreferrer noopener\">Dietaliance<\/a><strong> pour \u00e9changer avec les <\/strong>entreprises<strong>, les <\/strong>associations<strong>, les <\/strong>collectivit\u00e9s<strong> <\/strong>locales<strong> et les <\/strong>professionnels de sant\u00e9&nbsp;<strong> d\u00e9sireux de promouvoir la sant\u00e9 en agissant sur les leviers de pr\u00e9vention.<\/strong><\/h2>\n\n\n\n<div class=\"wp-block-media-text is-stacked-on-mobile\" style=\"grid-template-columns:16% auto\"><figure class=\"wp-block-media-text__media\"><img loading=\"lazy\" decoding=\"async\" width=\"1024\" height=\"1024\" src=\"https:\/\/dietaliance.kaissa-consulting.fr\/wp-content\/uploads\/2025\/04\/Avatar-V0-Dietaliance.png\" alt=\"\" class=\"wp-image-14 size-full\" srcset=\"https:\/\/dietaliance.kaissa-consulting.fr\/wp-content\/uploads\/2025\/04\/Avatar-V0-Dietaliance.png 1024w, https:\/\/dietaliance.kaissa-consulting.fr\/wp-content\/uploads\/2025\/04\/Avatar-V0-Dietaliance-300x300.png 300w, https:\/\/dietaliance.kaissa-consulting.fr\/wp-content\/uploads\/2025\/04\/Avatar-V0-Dietaliance-150x150.png 150w, https:\/\/dietaliance.kaissa-consulting.fr\/wp-content\/uploads\/2025\/04\/Avatar-V0-Dietaliance-768x768.png 768w\" sizes=\"auto, (max-width: 1024px) 100vw, 1024px\" \/><\/figure><div class=\"wp-block-media-text__content\">\n<p><\/p>\n\n\n<div class='mwai-chatbot-container' data-params='{&quot;aiName&quot;:&quot;Aliancia&quot;,&quot;userName&quot;:&quot;Vous &quot;,&quot;guestName&quot;:&quot;Vous&quot;,&quot;textSend&quot;:&quot;Envoi&quot;,&quot;textClear&quot;:&quot;Eff&quot;,&quot;imageUpload&quot;:false,&quot;fileUpload&quot;:false,&quot;multiUpload&quot;:false,&quot;maxUploads&quot;:1,&quot;fileUploads&quot;:0,&quot;mode&quot;:&quot;chat&quot;,&quot;textInputPlaceholder&quot;:&quot;Votre question&quot;,&quot;textInputMaxLength&quot;:512,&quot;textCompliance&quot;:&quot;&quot;,&quot;startSentence&quot;:&quot;Bonjour, je suis Aliancia. Pour mieux vous accompagner, pouvez-vous me dire dans quel cadre vous travaillez ?&quot;,&quot;localMemory&quot;:true,&quot;themeId&quot;:&quot;messages&quot;,&quot;window&quot;:false,&quot;icon&quot;:&quot;&quot;,&quot;iconText&quot;:&quot;&quot;,&quot;iconTextDelay&quot;:1,&quot;iconAlt&quot;:&quot;AI Engine Chatbot&quot;,&quot;iconPosition&quot;:&quot;bottom-right&quot;,&quot;centerOpen&quot;:false,&quot;width&quot;:&quot;&quot;,&quot;openDelay&quot;:&quot;&quot;,&quot;iconBubble&quot;:false,&quot;windowAnimation&quot;:&quot;zoom&quot;,&quot;fullscreen&quot;:false,&quot;copyButton&quot;:false,&quot;headerSubtitle&quot;:&quot;Discuss with&quot;,&quot;containerType&quot;:&quot;standard&quot;,&quot;headerType&quot;:&quot;standard&quot;,&quot;messagesType&quot;:&quot;standard&quot;,&quot;inputType&quot;:&quot;standard&quot;,&quot;footerType&quot;:&quot;standard&quot;}' data-system='{&quot;botId&quot;:&quot;default&quot;,&quot;customId&quot;:null,&quot;userData&quot;:null,&quot;sessionId&quot;:&quot;6a0571548a22b&quot;,&quot;restNonce&quot;:null,&quot;contextId&quot;:13,&quot;pluginUrl&quot;:&quot;https:\\\/\\\/dietaliance.kaissa-consulting.fr\\\/wp-content\\\/plugins\\\/ai-engine-pro\\\/&quot;,&quot;restUrl&quot;:&quot;https:\\\/\\\/dietaliance.kaissa-consulting.fr\\\/index.php\\\/wp-json&quot;,&quot;stream&quot;:true,&quot;debugMode&quot;:false,&quot;eventLogs&quot;:false,&quot;speech_recognition&quot;:true,&quot;speech_synthesis&quot;:false,&quot;typewriter&quot;:false,&quot;crossSite&quot;:false,&quot;actions&quot;:[],&quot;blocks&quot;:[],&quot;shortcuts&quot;:[]}' data-theme='{&quot;type&quot;:&quot;internal&quot;,&quot;name&quot;:&quot;Messages&quot;,&quot;themeId&quot;:&quot;messages&quot;,&quot;settings&quot;:[],&quot;style&quot;:&quot;&quot;,&quot;cssUrl&quot;:&quot;https:\\\/\\\/dietaliance.kaissa-consulting.fr\\\/wp-content\\\/plugins\\\/ai-engine-pro\\\/themes\\\/messages.css&quot;}'><\/div>\n\n\n\n<p><\/p>\n<\/div><\/div>\n\n\n\n<div style=\"height:31px\" aria-hidden=\"true\" class=\"wp-block-spacer\"><\/div>\n\n\n\n<h2 class=\"wp-block-heading has-medium-font-size\">Vous souhaitez : <\/h2>\n\n\n\n<ul class=\"wp-block-list\">\n<li>comprendre les m\u00e9canismes de pr\u00e9vention efficaces,<\/li>\n\n\n\n<li>explorer des approches innovantes et valid\u00e9es,<\/li>\n\n\n\n<li>concevoir des actions cibl\u00e9es pour leurs salari\u00e9s ou adh\u00e9rents.<\/li>\n<\/ul>\n\n\n\n<p><strong>Aliancia<\/strong> <strong>permet d&#8217;initier la r\u00e9flexion que vous pouvez conduire avec <a href=\"https:\/\/www.dietaliance.fr\/\" data-type=\"link\" data-id=\"https:\/\/www.dietaliance.fr\/\" target=\"_blank\" rel=\"noreferrer noopener\">Dietaliance<\/a><\/strong> <strong>sur la pr\u00e9vention sant\u00e9 dans les organisations<\/strong>, en int\u00e9grant :<\/p>\n\n\n\n<ul class=\"wp-block-list\">\n<li>les donn\u00e9es scientifiques disponibles,<\/li>\n\n\n\n<li>la r\u00e9alit\u00e9 du terrain RH \/ social \/ \u00e9conomique,<\/li>\n\n\n\n<li>la coh\u00e9rence avec les politiques RSE, QVT, ou assurance sant\u00e9.<\/li>\n<\/ul>\n\n\n\n<p><\/p>\n","protected":false},"excerpt":{"rendered":"<p>Aliancia est l\u2019agent conversationnel intelligent d\u00e9velopp\u00e9 par Dietaliance pour \u00e9changer avec les entreprises, les associations, les collectivit\u00e9s locales et les professionnels de sant\u00e9&nbsp; d\u00e9sireux de promouvoir la sant\u00e9 en agissant sur les leviers de pr\u00e9vention. Vous souhaitez : Aliancia permet d&#8217;initier la r\u00e9flexion que vous pouvez conduire avec Dietaliance sur la pr\u00e9vention sant\u00e9 dans les&#8230;<\/p>\n","protected":false},"author":1,"featured_media":14,"parent":0,"menu_order":0,"comment_status":"closed","ping_status":"closed","template":"","meta":{"_kad_post_transparent":"","_kad_post_title":"","_kad_post_layout":"","_kad_post_sidebar_id":"","_kad_post_content_style":"","_kad_post_vertical_padding":"","_kad_post_feature":"","_kad_post_feature_position":"","_kad_post_header":false,"_kad_post_footer":false,"footnotes":""},"class_list":["post-13","page","type-page","status-publish","has-post-thumbnail","hentry"],"jetpack_sharing_enabled":true,"_links":{"self":[{"href":"https:\/\/dietaliance.kaissa-consulting.fr\/index.php\/wp-json\/wp\/v2\/pages\/13","targetHints":{"allow":["GET"]}}],"collection":[{"href":"https:\/\/dietaliance.kaissa-consulting.fr\/index.php\/wp-json\/wp\/v2\/pages"}],"about":[{"href":"https:\/\/dietaliance.kaissa-consulting.fr\/index.php\/wp-json\/wp\/v2\/types\/page"}],"author":[{"embeddable":true,"href":"https:\/\/dietaliance.kaissa-consulting.fr\/index.php\/wp-json\/wp\/v2\/users\/1"}],"replies":[{"embeddable":true,"href":"https:\/\/dietaliance.kaissa-consulting.fr\/index.php\/wp-json\/wp\/v2\/comments?post=13"}],"version-history":[{"count":8,"href":"https:\/\/dietaliance.kaissa-consulting.fr\/index.php\/wp-json\/wp\/v2\/pages\/13\/revisions"}],"predecessor-version":[{"id":55,"href":"https:\/\/dietaliance.kaissa-consulting.fr\/index.php\/wp-json\/wp\/v2\/pages\/13\/revisions\/55"}],"wp:featuredmedia":[{"embeddable":true,"href":"https:\/\/dietaliance.kaissa-consulting.fr\/index.php\/wp-json\/wp\/v2\/media\/14"}],"wp:attachment":[{"href":"https:\/\/dietaliance.kaissa-consulting.fr\/index.php\/wp-json\/wp\/v2\/media?parent=13"}],"curies":[{"name":"wp","href":"https:\/\/api.w.org\/{rel}","templated":true}]}}