{"id":66,"date":"2025-04-02T00:08:55","date_gmt":"2025-04-01T22:08:55","guid":{"rendered":"https:\/\/dietaliance.kaissa-consulting.fr\/?page_id=66"},"modified":"2025-04-02T00:08:55","modified_gmt":"2025-04-01T22:08:55","slug":"contact","status":"publish","type":"page","link":"https:\/\/dietaliance.kaissa-consulting.fr\/index.php\/contact\/","title":{"rendered":"Contact"},"content":{"rendered":"<div class=\"wpforms-container wpforms-container-full wpforms-block wpforms-block-0998f265-dbbc-49ca-b9e2-a36b42cba916 wpforms-render-modern\" id=\"wpforms-56\"><form id=\"wpforms-form-56\" class=\"wpforms-validate wpforms-form wpforms-ajax-form\" data-formid=\"56\" method=\"post\" enctype=\"multipart\/form-data\" action=\"\/index.php\/wp-json\/wp\/v2\/pages\/66\" data-token=\"2514c18d81d97528550b8886bcf05658\" data-token-time=\"1778753849\"><noscript class=\"wpforms-error-noscript\">Please enable JavaScript in your browser to complete this form.<\/noscript><div id=\"wpforms-error-noscript\" style=\"display: none;\">Please enable JavaScript in your browser to complete this form.<\/div><div class=\"wpforms-field-container\"><div id=\"wpforms-56-field_6-container\" class=\"wpforms-field wpforms-field-content\" data-field-id=\"6\"><div id=\"wpforms-56-field_6\" class=\"wpforms-field-small wpforms-field-row\" aria-errormessage=\"wpforms-56-field_6-error\"><h4><img loading=\"lazy\" decoding=\"async\" height=\"199\" width=\"640\" alt=\"Logo-Dietaliance.jpg\" src=\"http:\/\/dietaliance.kaissa-consulting.fr\/wp-content\/uploads\/2025\/04\/Logo-Dietaliance.jpg\" class=\"aligncenter wp-image-21 size-full\" srcset=\"https:\/\/dietaliance.kaissa-consulting.fr\/wp-content\/uploads\/2025\/04\/Logo-Dietaliance.jpg 640w, https:\/\/dietaliance.kaissa-consulting.fr\/wp-content\/uploads\/2025\/04\/Logo-Dietaliance-300x93.jpg 300w\" sizes=\"auto, (max-width: 640px) 100vw, 640px\" \/><\/h4>\n<div class=\"wpforms-field-content-display-frontend-clear\"><\/div><\/div><\/div><div id=\"wpforms-56-field_5-container\" class=\"wpforms-field wpforms-field-radio\" data-field-id=\"5\"><fieldset><legend class=\"wpforms-field-label\">Vous \u00eates : <\/legend><ul id=\"wpforms-56-field_5\"><li class=\"choice-1 depth-1\"><input type=\"radio\" id=\"wpforms-56-field_5_1\" name=\"wpforms[fields][5]\" value=\"Une entreprise\" aria-errormessage=\"wpforms-56-field_5_1-error\"  ><label class=\"wpforms-field-label-inline\" for=\"wpforms-56-field_5_1\">Une entreprise<\/label><\/li><li class=\"choice-2 depth-1\"><input type=\"radio\" id=\"wpforms-56-field_5_2\" name=\"wpforms[fields][5]\" value=\"Une mutuelle, assurance sant\u00e9, groupe de protection sociale, un courtier\" aria-errormessage=\"wpforms-56-field_5_2-error\"  ><label class=\"wpforms-field-label-inline\" for=\"wpforms-56-field_5_2\">Une mutuelle, assurance sant\u00e9, groupe de protection sociale, un courtier<\/label><\/li><li class=\"choice-3 depth-1\"><input type=\"radio\" id=\"wpforms-56-field_5_3\" name=\"wpforms[fields][5]\" value=\"Une association\" aria-errormessage=\"wpforms-56-field_5_3-error\"  ><label class=\"wpforms-field-label-inline\" for=\"wpforms-56-field_5_3\">Une association<\/label><\/li><li class=\"choice-5 depth-1\"><input type=\"radio\" id=\"wpforms-56-field_5_5\" name=\"wpforms[fields][5]\" value=\"Une collectivit\u00e9 locale\" aria-errormessage=\"wpforms-56-field_5_5-error\"  ><label class=\"wpforms-field-label-inline\" for=\"wpforms-56-field_5_5\">Une collectivit\u00e9 locale<\/label><\/li><li class=\"choice-4 depth-1\"><input type=\"radio\" id=\"wpforms-56-field_5_4\" name=\"wpforms[fields][5]\" value=\"Un professionnel de la sant\u00e9\" aria-errormessage=\"wpforms-56-field_5_4-error\"  ><label class=\"wpforms-field-label-inline\" for=\"wpforms-56-field_5_4\">Un professionnel de la sant\u00e9<\/label><\/li><\/ul><\/fieldset><\/div><div id=\"wpforms-56-field_4-container\" class=\"wpforms-field wpforms-field-checkbox\" data-field-id=\"4\"><fieldset><legend class=\"wpforms-field-label\">Vous \u00eates int\u00e9ress\u00e9(e) par : <\/legend><ul id=\"wpforms-56-field_4\"><li class=\"choice-1 depth-1\"><input type=\"checkbox\" id=\"wpforms-56-field_4_1\" name=\"wpforms[fields][4][]\" value=\"Du conseil strat\u00e9gique\" aria-errormessage=\"wpforms-56-field_4_1-error\"  ><label class=\"wpforms-field-label-inline\" for=\"wpforms-56-field_4_1\">Du conseil strat\u00e9gique<\/label><\/li><li class=\"choice-2 depth-1\"><input type=\"checkbox\" id=\"wpforms-56-field_4_2\" name=\"wpforms[fields][4][]\" value=\"Des formations sur-mesure\" aria-errormessage=\"wpforms-56-field_4_2-error\"  ><label class=\"wpforms-field-label-inline\" for=\"wpforms-56-field_4_2\">Des formations sur-mesure<\/label><\/li><li class=\"choice-3 depth-1\"><input type=\"checkbox\" id=\"wpforms-56-field_4_3\" name=\"wpforms[fields][4][]\" value=\"La cr\u00e9ation de contenu innovant\" aria-errormessage=\"wpforms-56-field_4_3-error\"  ><label class=\"wpforms-field-label-inline\" for=\"wpforms-56-field_4_3\">La cr\u00e9ation de contenu innovant<\/label><\/li><li class=\"choice-4 depth-1\"><input type=\"checkbox\" id=\"wpforms-56-field_4_4\" name=\"wpforms[fields][4][]\" value=\"Accompagnement et pr\u00e9vention\" aria-errormessage=\"wpforms-56-field_4_4-error\"  ><label class=\"wpforms-field-label-inline\" for=\"wpforms-56-field_4_4\">Accompagnement et pr\u00e9vention<\/label><\/li><\/ul><\/fieldset><\/div><div id=\"wpforms-56-field_1-container\" class=\"wpforms-field wpforms-field-name\" data-field-id=\"1\"><fieldset><legend class=\"wpforms-field-label\">Pr\u00e9nom et Nom <span class=\"wpforms-required-label\" aria-hidden=\"true\">*<\/span><\/legend><div class=\"wpforms-field-row wpforms-field-medium\"><div class=\"wpforms-field-row-block wpforms-first wpforms-one-half\"><input type=\"text\" id=\"wpforms-56-field_1\" class=\"wpforms-field-name-first wpforms-field-required\" name=\"wpforms[fields][1][first]\" aria-errormessage=\"wpforms-56-field_1-error\" required><label for=\"wpforms-56-field_1\" class=\"wpforms-field-sublabel after\">First<\/label><\/div><div class=\"wpforms-field-row-block wpforms-one-half\"><input type=\"text\" id=\"wpforms-56-field_1-last\" class=\"wpforms-field-name-last wpforms-field-required\" name=\"wpforms[fields][1][last]\" aria-errormessage=\"wpforms-56-field_1-last-error\" required><label for=\"wpforms-56-field_1-last\" class=\"wpforms-field-sublabel after\">Last<\/label><\/div><\/div><\/fieldset><\/div>\t\t<div id=\"wpforms-56-field_7-container\"\n\t\t\tclass=\"wpforms-field wpforms-field-text\"\n\t\t\tdata-field-type=\"text\"\n\t\t\tdata-field-id=\"7\"\n\t\t\t>\n\t\t\t<label class=\"wpforms-field-label\" for=\"wpforms-56-field_7\" > \u00eates message<\/label>\n\t\t\t<input type=\"text\" id=\"wpforms-56-field_7\" class=\"wpforms-field-medium\" name=\"wpforms[fields][7]\" >\n\t\t<\/div>\n\t\t<div id=\"wpforms-56-field_2-container\" class=\"wpforms-field wpforms-field-email\" data-field-id=\"2\"><label class=\"wpforms-field-label\" for=\"wpforms-56-field_2\">E-mail <span class=\"wpforms-required-label\" aria-hidden=\"true\">*<\/span><\/label><input type=\"email\" id=\"wpforms-56-field_2\" class=\"wpforms-field-medium wpforms-field-required\" name=\"wpforms[fields][2]\" spellcheck=\"false\" aria-errormessage=\"wpforms-56-field_2-error\" required><\/div><div id=\"wpforms-56-field_3-container\" class=\"wpforms-field wpforms-field-textarea\" data-field-id=\"3\"><label class=\"wpforms-field-label\" for=\"wpforms-56-field_3\">Commentaire ou message<\/label><textarea id=\"wpforms-56-field_3\" class=\"wpforms-field-medium\" name=\"wpforms[fields][3]\" aria-errormessage=\"wpforms-56-field_3-error\" ><\/textarea><\/div><script>\n\t\t\t\t( function() {\n\t\t\t\t\tconst style = document.createElement( 'style' );\n\t\t\t\t\tstyle.appendChild( document.createTextNode( '#wpforms-56-field_7-container { position: absolute !important; overflow: hidden !important; display: inline !important; height: 1px !important; width: 1px !important; z-index: -1000 !important; padding: 0 !important; } #wpforms-56-field_7-container input { visibility: hidden; } #wpforms-conversational-form-page #wpforms-56-field_7-container label { counter-increment: none; }' ) );\n\t\t\t\t\tdocument.head.appendChild( style );\n\t\t\t\t\tdocument.currentScript?.remove();\n\t\t\t\t} )();\n\t\t\t<\/script><\/div><!-- .wpforms-field-container --><div class=\"wpforms-submit-container\" ><input type=\"hidden\" name=\"wpforms[id]\" value=\"56\"><input type=\"hidden\" name=\"page_title\" value=\"\"><input type=\"hidden\" name=\"page_url\" value=\"https:\/\/dietaliance.kaissa-consulting.fr\/index.php\/wp-json\/wp\/v2\/pages\/66\"><input type=\"hidden\" name=\"url_referer\" value=\"\"><button type=\"submit\" name=\"wpforms[submit]\" id=\"wpforms-submit-56\" class=\"wpforms-submit\" data-alt-text=\"Envoi...\" data-submit-text=\"Envoyer\" aria-live=\"assertive\" value=\"wpforms-submit\">Envoyer<\/button><img loading=\"lazy\" decoding=\"async\" src=\"https:\/\/dietaliance.kaissa-consulting.fr\/wp-content\/plugins\/wpforms\/assets\/images\/submit-spin.svg\" class=\"wpforms-submit-spinner\" style=\"display: none;\" width=\"26\" height=\"26\" alt=\"Loading\"><\/div><\/form><\/div>  <!-- .wpforms-container -->","protected":false},"excerpt":{"rendered":"","protected":false},"author":1,"featured_media":0,"parent":0,"menu_order":0,"comment_status":"closed","ping_status":"closed","template":"","meta":{"_kad_post_transparent":"","_kad_post_title":"","_kad_post_layout":"","_kad_post_sidebar_id":"","_kad_post_content_style":"","_kad_post_vertical_padding":"","_kad_post_feature":"","_kad_post_feature_position":"","_kad_post_header":false,"_kad_post_footer":false,"footnotes":""},"class_list":["post-66","page","type-page","status-publish","hentry"],"jetpack_sharing_enabled":true,"_links":{"self":[{"href":"https:\/\/dietaliance.kaissa-consulting.fr\/index.php\/wp-json\/wp\/v2\/pages\/66","targetHints":{"allow":["GET"]}}],"collection":[{"href":"https:\/\/dietaliance.kaissa-consulting.fr\/index.php\/wp-json\/wp\/v2\/pages"}],"about":[{"href":"https:\/\/dietaliance.kaissa-consulting.fr\/index.php\/wp-json\/wp\/v2\/types\/page"}],"author":[{"embeddable":true,"href":"https:\/\/dietaliance.kaissa-consulting.fr\/index.php\/wp-json\/wp\/v2\/users\/1"}],"replies":[{"embeddable":true,"href":"https:\/\/dietaliance.kaissa-consulting.fr\/index.php\/wp-json\/wp\/v2\/comments?post=66"}],"version-history":[{"count":1,"href":"https:\/\/dietaliance.kaissa-consulting.fr\/index.php\/wp-json\/wp\/v2\/pages\/66\/revisions"}],"predecessor-version":[{"id":67,"href":"https:\/\/dietaliance.kaissa-consulting.fr\/index.php\/wp-json\/wp\/v2\/pages\/66\/revisions\/67"}],"wp:attachment":[{"href":"https:\/\/dietaliance.kaissa-consulting.fr\/index.php\/wp-json\/wp\/v2\/media?parent=66"}],"curies":[{"name":"wp","href":"https:\/\/api.w.org\/{rel}","templated":true}]}}