{"id":75,"date":"2025-04-02T16:46:58","date_gmt":"2025-04-02T14:46:58","guid":{"rendered":"https:\/\/dietaliance.kaissa-consulting.fr\/?page_id=75"},"modified":"2025-04-02T16:46:58","modified_gmt":"2025-04-02T14:46:58","slug":"demande-de-devis","status":"publish","type":"page","link":"https:\/\/dietaliance.kaissa-consulting.fr\/index.php\/demande-de-devis\/","title":{"rendered":"Demande de devis"},"content":{"rendered":"<div class=\"wpforms-container wpforms-container-full wpforms-block wpforms-block-94203568-c45d-4d9d-b6cf-c1f5555833f7 wpforms-render-modern\" id=\"wpforms-72\"><form id=\"wpforms-form-72\" class=\"wpforms-validate wpforms-form wpforms-ajax-form\" data-formid=\"72\" method=\"post\" enctype=\"multipart\/form-data\" action=\"\/index.php\/wp-json\/wp\/v2\/pages\/75\" data-token=\"0d342f14f268623b6d51261eb845f32e\" data-token-time=\"1778772713\"><noscript class=\"wpforms-error-noscript\">Please enable JavaScript in your browser to complete this form.<\/noscript><div id=\"wpforms-error-noscript\" style=\"display: none;\">Please enable JavaScript in your browser to complete this form.<\/div><div class=\"wpforms-field-container\"><div id=\"wpforms-72-field_11-container\" class=\"wpforms-field wpforms-field-text\" data-field-id=\"11\"><label class=\"wpforms-field-label\" for=\"wpforms-72-field_11\">Nom de votre structure <span class=\"wpforms-required-label\" aria-hidden=\"true\">*<\/span><\/label><input type=\"text\" id=\"wpforms-72-field_11\" class=\"wpforms-field-medium wpforms-field-required\" name=\"wpforms[fields][11]\" aria-errormessage=\"wpforms-72-field_11-error\" aria-describedby=\"wpforms-72-field_11-description\" required><div id=\"wpforms-72-field_11-description\" class=\"wpforms-field-description\">(Collectivit\u00e9, entreprise, mutuelle, association\u2026)<\/div><\/div><div id=\"wpforms-72-field_1-container\" class=\"wpforms-field wpforms-field-name\" data-field-id=\"1\"><fieldset><legend class=\"wpforms-field-label\">Pr\u00e9nom et Nom <span class=\"wpforms-required-label\" aria-hidden=\"true\">*<\/span><\/legend><div class=\"wpforms-field-row wpforms-field-medium\"><div class=\"wpforms-field-row-block wpforms-first wpforms-one-half\"><input type=\"text\" id=\"wpforms-72-field_1\" class=\"wpforms-field-name-first wpforms-field-required\" name=\"wpforms[fields][1][first]\" aria-errormessage=\"wpforms-72-field_1-error\" required><label for=\"wpforms-72-field_1\" class=\"wpforms-field-sublabel after\">First<\/label><\/div><div class=\"wpforms-field-row-block wpforms-one-half\"><input type=\"text\" id=\"wpforms-72-field_1-last\" class=\"wpforms-field-name-last wpforms-field-required\" name=\"wpforms[fields][1][last]\" aria-errormessage=\"wpforms-72-field_1-last-error\" required><label for=\"wpforms-72-field_1-last\" class=\"wpforms-field-sublabel after\">Last<\/label><\/div><\/div><\/fieldset><\/div><div id=\"wpforms-72-field_2-container\" class=\"wpforms-field wpforms-field-email\" data-field-id=\"2\"><label class=\"wpforms-field-label\" for=\"wpforms-72-field_2\">Email <span class=\"wpforms-required-label\" aria-hidden=\"true\">*<\/span><\/label><input type=\"email\" id=\"wpforms-72-field_2\" class=\"wpforms-field-medium wpforms-field-required\" name=\"wpforms[fields][2]\" spellcheck=\"false\" aria-errormessage=\"wpforms-72-field_2-error\" aria-describedby=\"wpforms-72-field_2-description\" required><div id=\"wpforms-72-field_2-description\" class=\"wpforms-field-description\">(Pour vous envoyer le devis)<\/div><\/div><div id=\"wpforms-72-field_4-container\" class=\"wpforms-field wpforms-field-phone\" data-field-id=\"4\"><label class=\"wpforms-field-label\" for=\"wpforms-72-field_4\">T\u00e9l\u00e9phone<\/label><input type=\"tel\" id=\"wpforms-72-field_4\" class=\"wpforms-field-medium wpforms-smart-phone-field\" data-rule-smart-phone-field=\"true\" name=\"wpforms[fields][4]\" aria-label=\"T\u00e9l\u00e9phone\" aria-errormessage=\"wpforms-72-field_4-error\" ><\/div><div id=\"wpforms-72-field_12-container\" class=\"wpforms-field wpforms-field-checkbox\" data-field-id=\"12\"><fieldset><legend class=\"wpforms-field-label\">Nature de l&#039;intervention<\/legend><ul id=\"wpforms-72-field_12\"><li class=\"choice-6 depth-1\"><input type=\"checkbox\" id=\"wpforms-72-field_12_6\" name=\"wpforms[fields][12][]\" value=\"Conseil\" aria-errormessage=\"wpforms-72-field_12_6-error\"  ><label class=\"wpforms-field-label-inline\" for=\"wpforms-72-field_12_6\">Conseil<\/label><\/li><li class=\"choice-3 depth-1\"><input type=\"checkbox\" id=\"wpforms-72-field_12_3\" name=\"wpforms[fields][12][]\" value=\"Diagnostic ou audit\" aria-errormessage=\"wpforms-72-field_12_3-error\"  ><label class=\"wpforms-field-label-inline\" for=\"wpforms-72-field_12_3\">Diagnostic ou audit<\/label><\/li><li class=\"choice-1 depth-1\"><input type=\"checkbox\" id=\"wpforms-72-field_12_1\" name=\"wpforms[fields][12][]\" value=\"Atelier ou animation collective\" aria-errormessage=\"wpforms-72-field_12_1-error\"  ><label class=\"wpforms-field-label-inline\" for=\"wpforms-72-field_12_1\">Atelier ou animation collective<\/label><\/li><li class=\"choice-4 depth-1\"><input type=\"checkbox\" id=\"wpforms-72-field_12_4\" name=\"wpforms[fields][12][]\" value=\"Intervention en milieu collectif\" aria-errormessage=\"wpforms-72-field_12_4-error\"  ><label class=\"wpforms-field-label-inline\" for=\"wpforms-72-field_12_4\">Intervention en milieu collectif<\/label><\/li><li class=\"choice-2 depth-1\"><input type=\"checkbox\" id=\"wpforms-72-field_12_2\" name=\"wpforms[fields][12][]\" value=\"Accompagnement de salari\u00e9s \/ adh\u00e9rents\" aria-errormessage=\"wpforms-72-field_12_2-error\"  ><label class=\"wpforms-field-label-inline\" for=\"wpforms-72-field_12_2\">Accompagnement de salari\u00e9s \/ adh\u00e9rents<\/label><\/li><li class=\"choice-7 depth-1\"><input type=\"checkbox\" id=\"wpforms-72-field_12_7\" name=\"wpforms[fields][12][]\" value=\"Conf\u00e9rence \/ d\u00e9bat\" aria-errormessage=\"wpforms-72-field_12_7-error\"  ><label class=\"wpforms-field-label-inline\" for=\"wpforms-72-field_12_7\">Conf\u00e9rence \/ d\u00e9bat<\/label><\/li><li class=\"choice-5 depth-1\"><input type=\"checkbox\" id=\"wpforms-72-field_12_5\" name=\"wpforms[fields][12][]\" value=\"Autre (pr\u00e9cisez ci-dessous)\" aria-errormessage=\"wpforms-72-field_12_5-error\"  ><label class=\"wpforms-field-label-inline\" for=\"wpforms-72-field_12_5\">Autre (pr\u00e9cisez ci-dessous)<\/label><\/li><\/ul><\/fieldset><\/div><div id=\"wpforms-72-field_13-container\" class=\"wpforms-field wpforms-field-checkbox\" data-field-id=\"13\"><fieldset><legend class=\"wpforms-field-label\">Publics cibles<\/legend><ul id=\"wpforms-72-field_13\"><li class=\"choice-1 depth-1\"><input type=\"checkbox\" id=\"wpforms-72-field_13_1\" name=\"wpforms[fields][13][]\" value=\"Salari\u00e9s\" aria-errormessage=\"wpforms-72-field_13_1-error\"  ><label class=\"wpforms-field-label-inline\" for=\"wpforms-72-field_13_1\">Salari\u00e9s<\/label><\/li><li class=\"choice-6 depth-1\"><input type=\"checkbox\" id=\"wpforms-72-field_13_6\" name=\"wpforms[fields][13][]\" value=\"Dirigeants \/ Elus\" aria-errormessage=\"wpforms-72-field_13_6-error\"  ><label class=\"wpforms-field-label-inline\" for=\"wpforms-72-field_13_6\">Dirigeants \/ Elus<\/label><\/li><li class=\"choice-2 depth-1\"><input type=\"checkbox\" id=\"wpforms-72-field_13_2\" name=\"wpforms[fields][13][]\" value=\"Agents de collectivit\u00e9\" aria-errormessage=\"wpforms-72-field_13_2-error\"  ><label class=\"wpforms-field-label-inline\" for=\"wpforms-72-field_13_2\">Agents de collectivit\u00e9<\/label><\/li><li class=\"choice-3 depth-1\"><input type=\"checkbox\" id=\"wpforms-72-field_13_3\" name=\"wpforms[fields][13][]\" value=\"Usagers \/ citoyens\" aria-errormessage=\"wpforms-72-field_13_3-error\"  ><label class=\"wpforms-field-label-inline\" for=\"wpforms-72-field_13_3\">Usagers \/ citoyens<\/label><\/li><li class=\"choice-4 depth-1\"><input type=\"checkbox\" id=\"wpforms-72-field_13_4\" name=\"wpforms[fields][13][]\" value=\"Personnes en situation de fragilit\u00e9\" aria-errormessage=\"wpforms-72-field_13_4-error\"  ><label class=\"wpforms-field-label-inline\" for=\"wpforms-72-field_13_4\">Personnes en situation de fragilit\u00e9<\/label><\/li><\/ul><\/fieldset><\/div><div id=\"wpforms-72-field_7-container\" class=\"wpforms-field wpforms-field-textarea\" data-field-id=\"7\"><label class=\"wpforms-field-label\" for=\"wpforms-72-field_7\">Pr\u00e9cisions sur la nature de l&#039;intervention <span class=\"wpforms-required-label\" aria-hidden=\"true\">*<\/span><\/label><textarea id=\"wpforms-72-field_7\" class=\"wpforms-field-medium wpforms-field-required\" name=\"wpforms[fields][7]\" aria-errormessage=\"wpforms-72-field_7-error\" aria-describedby=\"wpforms-72-field_7-description\" required><\/textarea><div id=\"wpforms-72-field_7-description\" class=\"wpforms-field-description\">Bien \u00e9videmment, toutes les pr\u00e9cisions que vous pourrez fournir nous permettrons de vous faire une proposition la plus proche de vos attentes !<\/div><\/div><div id=\"wpforms-72-field_14-container\" class=\"wpforms-field wpforms-field-text\" data-field-id=\"14\"><label class=\"wpforms-field-label\" for=\"wpforms-72-field_14\">Objectifs ou attentes principales <span class=\"wpforms-required-label\" aria-hidden=\"true\">*<\/span><\/label><input type=\"text\" id=\"wpforms-72-field_14\" class=\"wpforms-field-medium wpforms-field-required\" name=\"wpforms[fields][14]\" aria-errormessage=\"wpforms-72-field_14-error\" aria-describedby=\"wpforms-72-field_14-description\" required><div id=\"wpforms-72-field_14-description\" class=\"wpforms-field-description\">(Ex : Sensibiliser, am\u00e9liorer les habitudes alimentaires, int\u00e9grer la nutrition dans une politique RSE\u2026)<\/div><\/div>\t\t<div id=\"wpforms-72-field_3-container\"\n\t\t\tclass=\"wpforms-field wpforms-field-text\"\n\t\t\tdata-field-type=\"text\"\n\t\t\tdata-field-id=\"3\"\n\t\t\t>\n\t\t\t<label class=\"wpforms-field-label\" for=\"wpforms-72-field_3\" >attentes Email l&#039;intervention<\/label>\n\t\t\t<input type=\"text\" id=\"wpforms-72-field_3\" class=\"wpforms-field-medium\" name=\"wpforms[fields][3]\" >\n\t\t<\/div>\n\t\t<div id=\"wpforms-72-field_15-container\" class=\"wpforms-field wpforms-field-text\" data-field-id=\"15\"><label class=\"wpforms-field-label\" for=\"wpforms-72-field_15\">Date(s) souhait\u00e9e(s) ou p\u00e9riode envisag\u00e9e<\/label><input type=\"text\" id=\"wpforms-72-field_15\" class=\"wpforms-field-medium\" name=\"wpforms[fields][15]\" aria-errormessage=\"wpforms-72-field_15-error\" aria-describedby=\"wpforms-72-field_15-description\" ><div id=\"wpforms-72-field_15-description\" class=\"wpforms-field-description\">Date envisageable de r\u00e9alisation de la prestation.\nDate souhait\u00e9e pour l&#8217;obtention d&#8217;un devis.<\/div><\/div><div id=\"wpforms-72-field_16-container\" class=\"wpforms-field wpforms-field-text\" data-field-id=\"16\"><label class=\"wpforms-field-label\" for=\"wpforms-72-field_16\">Commentaires ou pr\u00e9cisions utiles<\/label><input type=\"text\" id=\"wpforms-72-field_16\" class=\"wpforms-field-medium\" name=\"wpforms[fields][16]\" aria-errormessage=\"wpforms-72-field_16-error\" aria-describedby=\"wpforms-72-field_16-description\" ><div id=\"wpforms-72-field_16-description\" class=\"wpforms-field-description\">(Contexte, contraintes, partenaires d\u00e9j\u00e0 identifi\u00e9s, etc.)<\/div><\/div><script>\n\t\t\t\t( function() {\n\t\t\t\t\tconst style = document.createElement( 'style' );\n\t\t\t\t\tstyle.appendChild( document.createTextNode( '#wpforms-72-field_3-container { position: absolute !important; overflow: hidden !important; display: inline !important; height: 1px !important; width: 1px !important; z-index: -1000 !important; padding: 0 !important; } #wpforms-72-field_3-container input { visibility: hidden; } #wpforms-conversational-form-page #wpforms-72-field_3-container label { counter-increment: none; }' ) );\n\t\t\t\t\tdocument.head.appendChild( style );\n\t\t\t\t\tdocument.currentScript?.remove();\n\t\t\t\t} )();\n\t\t\t<\/script><\/div><!-- .wpforms-field-container --><div class=\"wpforms-submit-container\" ><input type=\"hidden\" name=\"wpforms[id]\" value=\"72\"><input type=\"hidden\" name=\"page_title\" value=\"\"><input type=\"hidden\" name=\"page_url\" value=\"https:\/\/dietaliance.kaissa-consulting.fr\/index.php\/wp-json\/wp\/v2\/pages\/75\"><input type=\"hidden\" name=\"url_referer\" value=\"\"><button type=\"submit\" name=\"wpforms[submit]\" id=\"wpforms-submit-72\" class=\"wpforms-submit\" data-alt-text=\"Envoi... \" data-submit-text=\"Envoi\" aria-live=\"assertive\" value=\"wpforms-submit\">Envoi<\/button><img loading=\"lazy\" decoding=\"async\" src=\"https:\/\/dietaliance.kaissa-consulting.fr\/wp-content\/plugins\/wpforms\/assets\/images\/submit-spin.svg\" class=\"wpforms-submit-spinner\" style=\"display: none;\" width=\"26\" height=\"26\" alt=\"Loading\"><\/div><\/form><\/div>  <!-- .wpforms-container -->","protected":false},"excerpt":{"rendered":"","protected":false},"author":1,"featured_media":0,"parent":0,"menu_order":0,"comment_status":"closed","ping_status":"closed","template":"","meta":{"_kad_post_transparent":"","_kad_post_title":"","_kad_post_layout":"","_kad_post_sidebar_id":"","_kad_post_content_style":"","_kad_post_vertical_padding":"","_kad_post_feature":"","_kad_post_feature_position":"","_kad_post_header":false,"_kad_post_footer":false,"footnotes":""},"class_list":["post-75","page","type-page","status-publish","hentry"],"jetpack_sharing_enabled":true,"_links":{"self":[{"href":"https:\/\/dietaliance.kaissa-consulting.fr\/index.php\/wp-json\/wp\/v2\/pages\/75","targetHints":{"allow":["GET"]}}],"collection":[{"href":"https:\/\/dietaliance.kaissa-consulting.fr\/index.php\/wp-json\/wp\/v2\/pages"}],"about":[{"href":"https:\/\/dietaliance.kaissa-consulting.fr\/index.php\/wp-json\/wp\/v2\/types\/page"}],"author":[{"embeddable":true,"href":"https:\/\/dietaliance.kaissa-consulting.fr\/index.php\/wp-json\/wp\/v2\/users\/1"}],"replies":[{"embeddable":true,"href":"https:\/\/dietaliance.kaissa-consulting.fr\/index.php\/wp-json\/wp\/v2\/comments?post=75"}],"version-history":[{"count":1,"href":"https:\/\/dietaliance.kaissa-consulting.fr\/index.php\/wp-json\/wp\/v2\/pages\/75\/revisions"}],"predecessor-version":[{"id":76,"href":"https:\/\/dietaliance.kaissa-consulting.fr\/index.php\/wp-json\/wp\/v2\/pages\/75\/revisions\/76"}],"wp:attachment":[{"href":"https:\/\/dietaliance.kaissa-consulting.fr\/index.php\/wp-json\/wp\/v2\/media?parent=75"}],"curies":[{"name":"wp","href":"https:\/\/api.w.org\/{rel}","templated":true}]}}